{"id":145,"date":"2016-04-24T19:54:46","date_gmt":"2016-04-24T19:54:46","guid":{"rendered":"http:\/\/jenniforst.ch\/wordpress\/?page_id=145"},"modified":"2021-07-10T17:06:00","modified_gmt":"2021-07-10T17:06:00","slug":"montagen","status":"publish","type":"page","link":"http:\/\/jenniforst.ch\/?page_id=145","title":{"rendered":"Montagen"},"content":{"rendered":"<p><span style=\"font-family: Calibri;\">F\u00fcr die Montagearbeiten sind wir mit unseren Ger\u00e4ten bestens ausger\u00fcstet um Ihre W\u00fcnsche zuverl\u00e4ssig, schnell und sauber auszuf\u00fchren. St\u00f6bern Sie ein wenig durch die Galerie um sich Beispiele unserer Arbeiten anzusehen:<\/span><\/p>\n<ul>\n<li><a href=\"http:\/\/jenniforst.ch\/?page_id=70\">Palisadenzaun<\/a><\/li>\n<li><a href=\"http:\/\/jenniforst.ch\/?page_id=57\">Diagonalgeflechtszaun<\/a><\/li>\n<li><a href=\"http:\/\/jenniforst.ch\/?page_id=353\">Demontagen<\/a><\/li>\n<\/ul>\n\n\n<p><\/p>\n","protected":false},"excerpt":{"rendered":"<p>F\u00fcr die Montagearbeiten sind wir mit unseren Ger\u00e4ten bestens ausger\u00fcstet um Ihre W\u00fcnsche zuverl\u00e4ssig, schnell und sauber auszuf\u00fchren. St\u00f6bern Sie ein wenig durch die Galerie um sich Beispiele unserer Arbeiten anzusehen: Palisadenzaun Diagonalgeflechtszaun Demontagen<\/p>\n","protected":false},"author":1,"featured_media":0,"parent":0,"menu_order":0,"comment_status":"closed","ping_status":"closed","template":"","meta":[],"_links":{"self":[{"href":"http:\/\/jenniforst.ch\/index.php?rest_route=\/wp\/v2\/pages\/145"}],"collection":[{"href":"http:\/\/jenniforst.ch\/index.php?rest_route=\/wp\/v2\/pages"}],"about":[{"href":"http:\/\/jenniforst.ch\/index.php?rest_route=\/wp\/v2\/types\/page"}],"author":[{"embeddable":true,"href":"http:\/\/jenniforst.ch\/index.php?rest_route=\/wp\/v2\/users\/1"}],"replies":[{"embeddable":true,"href":"http:\/\/jenniforst.ch\/index.php?rest_route=%2Fwp%2Fv2%2Fcomments&post=145"}],"version-history":[{"count":6,"href":"http:\/\/jenniforst.ch\/index.php?rest_route=\/wp\/v2\/pages\/145\/revisions"}],"predecessor-version":[{"id":356,"href":"http:\/\/jenniforst.ch\/index.php?rest_route=\/wp\/v2\/pages\/145\/revisions\/356"}],"wp:attachment":[{"href":"http:\/\/jenniforst.ch\/index.php?rest_route=%2Fwp%2Fv2%2Fmedia&parent=145"}],"curies":[{"name":"wp","href":"https:\/\/api.w.org\/{rel}","templated":true}]}}