{"id":5,"date":"2015-12-01T18:42:36","date_gmt":"2015-12-01T18:42:36","guid":{"rendered":"http:\/\/jenniforst.ch\/wordpress\/?page_id=5"},"modified":"2021-07-10T16:52:48","modified_gmt":"2021-07-10T16:52:48","slug":"home","status":"publish","type":"page","link":"http:\/\/jenniforst.ch\/","title":{"rendered":""},"content":{"rendered":"<h1><strong>Herzlich Willkommen bei der Jenni Forst- und Umgebungsarbeiten GmbH<\/strong><\/h1>\n<p><a href=\"http:\/\/jenniforst.ch\/wordpress\/wp-content\/uploads\/2015\/12\/Logo.jpg\"><img decoding=\"async\" loading=\"lazy\" class=\"aligncenter size-full wp-image-27\" src=\"http:\/\/jenniforst.ch\/wordpress\/wp-content\/uploads\/2015\/12\/Logo.jpg\" alt=\"Logo\" width=\"764\" height=\"315\" srcset=\"http:\/\/jenniforst.ch\/wordpress\/wp-content\/uploads\/2015\/12\/Logo.jpg 764w, http:\/\/jenniforst.ch\/wordpress\/wp-content\/uploads\/2015\/12\/Logo-300x124.jpg 300w, http:\/\/jenniforst.ch\/wordpress\/wp-content\/uploads\/2015\/12\/Logo-700x289.jpg 700w\" sizes=\"(max-width: 764px) 100vw, 764px\" \/><\/a><\/p>\n<p>Wir empfehlen uns f\u00fcr Forst- und Gartenarbeiten.<br \/>\nUnsere Ger\u00e4te erm\u00f6glichen das F\u00e4llen, Aufbereiten und den Vortransport von Rundh\u00f6lzern selbst in schwierigem Gel\u00e4nde. Wir erstellen naturnahe Bachverbauungen und Motorwege.<br \/>\nAushubarbeiten stellen f\u00fcr uns kein Problem dar. Wir sorgen f\u00fcr den Unterhalt von Naturstrassen, erstellen Naturstein- und B\u00f6schungsverbauungen.<br \/>\nWir empfehlen uns auch f\u00fcr Gartenforst, schneiden B\u00e4ume und Hecken oder f\u00e4llen die B\u00e4ume\u00a0mittels Seilklettertechnik. Die vor allem geeignet ist, wenn es wenig Platz zum f\u00e4llen hat. Zudem f\u00fcr diverse Gartenarbeiten. Wir verlegen Verbundsteine, Platten und Sickerleitungen,\u00a0wir setzen Abwassersch\u00e4chte und Blockstufen.<br \/>\nKontaktieren Sie uns doch unverbindlich f\u00fcr eine Offerte. Sie finden auf dieser Seite auch einige Beispiele von Arbeiten, die wir schon ausgef\u00fchrt haben.<\/p>\n","protected":false},"excerpt":{"rendered":"<p>Herzlich Willkommen bei der Jenni Forst- und Umgebungsarbeiten GmbH Wir empfehlen uns f\u00fcr Forst- und Gartenarbeiten. Unsere Ger\u00e4te erm\u00f6glichen das F\u00e4llen, Aufbereiten und den Vortransport von Rundh\u00f6lzern selbst in schwierigem Gel\u00e4nde. Wir erstellen naturnahe Bachverbauungen und Motorwege. Aushubarbeiten stellen f\u00fcr uns kein Problem dar. Wir sorgen f\u00fcr den Unterhalt von Naturstrassen, erstellen Naturstein- und B\u00f6schungsverbauungen. [&hellip;]<\/p>\n","protected":false},"author":1,"featured_media":0,"parent":0,"menu_order":0,"comment_status":"closed","ping_status":"closed","template":"","meta":[],"_links":{"self":[{"href":"http:\/\/jenniforst.ch\/index.php?rest_route=\/wp\/v2\/pages\/5"}],"collection":[{"href":"http:\/\/jenniforst.ch\/index.php?rest_route=\/wp\/v2\/pages"}],"about":[{"href":"http:\/\/jenniforst.ch\/index.php?rest_route=\/wp\/v2\/types\/page"}],"author":[{"embeddable":true,"href":"http:\/\/jenniforst.ch\/index.php?rest_route=\/wp\/v2\/users\/1"}],"replies":[{"embeddable":true,"href":"http:\/\/jenniforst.ch\/index.php?rest_route=%2Fwp%2Fv2%2Fcomments&post=5"}],"version-history":[{"count":8,"href":"http:\/\/jenniforst.ch\/index.php?rest_route=\/wp\/v2\/pages\/5\/revisions"}],"predecessor-version":[{"id":351,"href":"http:\/\/jenniforst.ch\/index.php?rest_route=\/wp\/v2\/pages\/5\/revisions\/351"}],"wp:attachment":[{"href":"http:\/\/jenniforst.ch\/index.php?rest_route=%2Fwp%2Fv2%2Fmedia&parent=5"}],"curies":[{"name":"wp","href":"https:\/\/api.w.org\/{rel}","templated":true}]}}