{"id":7,"date":"2015-12-01T18:42:59","date_gmt":"2015-12-01T18:42:59","guid":{"rendered":"http:\/\/jenniforst.ch\/wordpress\/?page_id=7"},"modified":"2016-09-26T20:59:20","modified_gmt":"2016-09-26T20:59:20","slug":"forstarbeiten","status":"publish","type":"page","link":"http:\/\/jenniforst.ch\/?page_id=7","title":{"rendered":"Forstarbeiten"},"content":{"rendered":"<p>F\u00fcr die Forstarbeiten stehen uns ein Traktor mit 110 PS sowie zwei Forstanh\u00e4nger zur Verf\u00fcgung. Wir k\u00f6nnen auch auf einen Bagger (7.5t) mit Holzzange und diverse Seilwinden zur\u00fcckgreifen. Nat\u00fcrlich sind wir auch mit den n\u00f6tigen kleineren Werkzeugen ausger\u00fcstet. St\u00f6bern Sie ein wenig durch die Galerie um sich Beispiele unserer Arbeiten anzusehen:<\/p>\n<ul>\n<li><a href=\"http:\/\/jenniforst.ch\/?page_id=132\">F\u00e4llen und aufbereiten<\/a><\/li>\n<li>Vortransport<\/li>\n<li><a href=\"http:\/\/jenniforst.ch\/?page_id=205\">Gartenforst ( Baumklettern Seiltechnik )<\/a><\/li>\n<\/ul>\n<p>&nbsp;<\/p>\n","protected":false},"excerpt":{"rendered":"<p>F\u00fcr die Forstarbeiten stehen uns ein Traktor mit 110 PS sowie zwei Forstanh\u00e4nger zur Verf\u00fcgung. Wir k\u00f6nnen auch auf einen Bagger (7.5t) mit Holzzange und diverse Seilwinden zur\u00fcckgreifen. Nat\u00fcrlich sind wir auch mit den n\u00f6tigen kleineren Werkzeugen ausger\u00fcstet. St\u00f6bern Sie ein wenig durch die Galerie um sich Beispiele unserer Arbeiten anzusehen: F\u00e4llen und aufbereiten Vortransport [&hellip;]<\/p>\n","protected":false},"author":1,"featured_media":0,"parent":0,"menu_order":1,"comment_status":"closed","ping_status":"closed","template":"","meta":[],"_links":{"self":[{"href":"http:\/\/jenniforst.ch\/index.php?rest_route=\/wp\/v2\/pages\/7"}],"collection":[{"href":"http:\/\/jenniforst.ch\/index.php?rest_route=\/wp\/v2\/pages"}],"about":[{"href":"http:\/\/jenniforst.ch\/index.php?rest_route=\/wp\/v2\/types\/page"}],"author":[{"embeddable":true,"href":"http:\/\/jenniforst.ch\/index.php?rest_route=\/wp\/v2\/users\/1"}],"replies":[{"embeddable":true,"href":"http:\/\/jenniforst.ch\/index.php?rest_route=%2Fwp%2Fv2%2Fcomments&post=7"}],"version-history":[{"count":12,"href":"http:\/\/jenniforst.ch\/index.php?rest_route=\/wp\/v2\/pages\/7\/revisions"}],"predecessor-version":[{"id":213,"href":"http:\/\/jenniforst.ch\/index.php?rest_route=\/wp\/v2\/pages\/7\/revisions\/213"}],"wp:attachment":[{"href":"http:\/\/jenniforst.ch\/index.php?rest_route=%2Fwp%2Fv2%2Fmedia&parent=7"}],"curies":[{"name":"wp","href":"https:\/\/api.w.org\/{rel}","templated":true}]}}