{"id":9,"date":"2015-12-01T18:43:15","date_gmt":"2015-12-01T18:43:15","guid":{"rendered":"http:\/\/jenniforst.ch\/wordpress\/?page_id=9"},"modified":"2016-10-17T13:23:59","modified_gmt":"2016-10-17T13:23:59","slug":"umgebungsarbeiten","status":"publish","type":"page","link":"http:\/\/jenniforst.ch\/?page_id=9","title":{"rendered":"Umgebungsarbeiten"},"content":{"rendered":"<p>Mit unseren 7.5t und 1.7t Bagger, mehreren (Kipp-) Anh\u00e4ngern und diversem Kleinwerkzeug sind wir f\u00fcr die vielf\u00e4ltigen Aufgaben im Umgebungs- und Gartenbau bestens vorbereitet.<br \/>\nSt\u00f6bern Sie ein wenig durch die Galerien um sich Beispiele unserer Arbeiten anzusehen:<\/p>\n<p>Um-&amp; Neugestaltung<\/p>\n<p>Unterhaltsarbeiten<\/p>\n<p><a href=\"http:\/\/jenniforst.ch\/?page_id=97\">B\u00f6schungsverbauungen<\/a><\/p>\n<p>Unterhalt von Naturstrassen<\/p>\n<p><a href=\"http:\/\/jenniforst.ch\/?page_id=155\">Aushub und Erdarbeiten<\/a><\/p>\n<p>&nbsp;<\/p>\n","protected":false},"excerpt":{"rendered":"<p>Mit unseren 7.5t und 1.7t Bagger, mehreren (Kipp-) Anh\u00e4ngern und diversem Kleinwerkzeug sind wir f\u00fcr die vielf\u00e4ltigen Aufgaben im Umgebungs- und Gartenbau bestens vorbereitet. St\u00f6bern Sie ein wenig durch die Galerien um sich Beispiele unserer Arbeiten anzusehen: Um-&amp; Neugestaltung Unterhaltsarbeiten B\u00f6schungsverbauungen Unterhalt von Naturstrassen Aushub und Erdarbeiten &nbsp;<\/p>\n","protected":false},"author":1,"featured_media":0,"parent":0,"menu_order":3,"comment_status":"closed","ping_status":"closed","template":"","meta":[],"_links":{"self":[{"href":"http:\/\/jenniforst.ch\/index.php?rest_route=\/wp\/v2\/pages\/9"}],"collection":[{"href":"http:\/\/jenniforst.ch\/index.php?rest_route=\/wp\/v2\/pages"}],"about":[{"href":"http:\/\/jenniforst.ch\/index.php?rest_route=\/wp\/v2\/types\/page"}],"author":[{"embeddable":true,"href":"http:\/\/jenniforst.ch\/index.php?rest_route=\/wp\/v2\/users\/1"}],"replies":[{"embeddable":true,"href":"http:\/\/jenniforst.ch\/index.php?rest_route=%2Fwp%2Fv2%2Fcomments&post=9"}],"version-history":[{"count":12,"href":"http:\/\/jenniforst.ch\/index.php?rest_route=\/wp\/v2\/pages\/9\/revisions"}],"predecessor-version":[{"id":216,"href":"http:\/\/jenniforst.ch\/index.php?rest_route=\/wp\/v2\/pages\/9\/revisions\/216"}],"wp:attachment":[{"href":"http:\/\/jenniforst.ch\/index.php?rest_route=%2Fwp%2Fv2%2Fmedia&parent=9"}],"curies":[{"name":"wp","href":"https:\/\/api.w.org\/{rel}","templated":true}]}}